{"id":489,"date":"2019-10-15T15:12:11","date_gmt":"2019-10-15T18:12:11","guid":{"rendered":"https:\/\/spotpromo.com.br\/a-spot\/"},"modified":"2020-03-16T10:35:03","modified_gmt":"2020-03-16T13:35:03","slug":"la-spot","status":"publish","type":"page","link":"https:\/\/spotpromo.com.br\/es\/la-spot\/","title":{"rendered":"Spot"},"content":{"rendered":"<p><strong>SPOT<\/strong> es una empresa que opera en el mercado brasile\u00f1o desde 2003 y mexicano desde 2015, ofreciendo soluciones personalizadas y completas de Gesti\u00f3n de puntos de venta, capaz de aumentar los resultados de una manera orientada y alineada con las estrategias de marcas. El Proceso de ejecuci\u00f3n es impecable, monitoreado por herramientas tecnol\u00f3gicas que aseguran excelencia de los resultados presentados a trav\u00e9s de informes de gesti\u00f3n para respaldar la decisi\u00f3n.<\/p>\n<p>&nbsp;<\/p>\n<h2>Misi\u00f3n<\/h2>\n<p>Presentar soluciones efectivas, basadas en una visi\u00f3n creativa y estrat\u00e9gica, contribuyendo activamente al \u00e9xito de nuestros clientes en la construcci\u00f3n y reconocimiento de sus marcas y productos.<\/p>\n<p>&nbsp;<\/p>\n<h2>Visi\u00f3n<\/h2>\n<p>Buscar el liderazgo del mercado a trav\u00e9s de la capacidad de crear y producir soluciones espec\u00edficas para las necesidades de nuestros clientes. De esta forma caracterizarse por la diferenciaci\u00f3n, vanguardia, agilidad y excelencia en servicios prestados por nuestro equipo. Establecer y mantener una relaci\u00f3n de confianza con nuestros clientes a trav\u00e9s de una comprensi\u00f3n completa de su negocio y sus necesidades y as\u00ed seguir siendo una empresa atractiva para el mercado laboral, donde nuestro profesional puede encontrar oportunidades de desarrollo personal y profesional.<\/p>\n<p>&nbsp;<\/p>\n<h2>Valores<\/h2>\n<ul>\n<li>Estamos orientados hacia nuestros clientes.<\/li>\n<li>Nos esforzamos por la excelencia en la calidad.<\/li>\n<li>Valoramos constantemente la innovaci\u00f3n.<\/li>\n<li>Consideramos los cambios como oportunidades.<\/li>\n<li>Somos exitosos gracias a nuestro equipo.<\/li>\n<li>Nos comunicamos clara y activamente.<\/li>\n<li>Mantenemos una conducta \u00e9tica.<\/li>\n<\/ul>\n","protected":false},"excerpt":{"rendered":"<p>SPOT es una empresa que opera en el mercado brasile\u00f1o desde 2003 y mexicano desde 2015, ofreciendo soluciones personalizadas y completas de Gesti\u00f3n de puntos [&hellip;]<\/p>\n","protected":false},"author":1,"featured_media":0,"parent":0,"menu_order":0,"comment_status":"closed","ping_status":"closed","template":"","meta":[],"_links":{"self":[{"href":"https:\/\/spotpromo.com.br\/es\/wp-json\/wp\/v2\/pages\/489"}],"collection":[{"href":"https:\/\/spotpromo.com.br\/es\/wp-json\/wp\/v2\/pages"}],"about":[{"href":"https:\/\/spotpromo.com.br\/es\/wp-json\/wp\/v2\/types\/page"}],"author":[{"embeddable":true,"href":"https:\/\/spotpromo.com.br\/es\/wp-json\/wp\/v2\/users\/1"}],"replies":[{"embeddable":true,"href":"https:\/\/spotpromo.com.br\/es\/wp-json\/wp\/v2\/comments?post=489"}],"version-history":[{"count":27,"href":"https:\/\/spotpromo.com.br\/es\/wp-json\/wp\/v2\/pages\/489\/revisions"}],"predecessor-version":[{"id":1863,"href":"https:\/\/spotpromo.com.br\/es\/wp-json\/wp\/v2\/pages\/489\/revisions\/1863"}],"wp:attachment":[{"href":"https:\/\/spotpromo.com.br\/es\/wp-json\/wp\/v2\/media?parent=489"}],"curies":[{"name":"wp","href":"https:\/\/api.w.org\/{rel}","templated":true}]}}